{"id":1299,"date":"2024-02-21T22:24:31","date_gmt":"2024-02-21T22:24:31","guid":{"rendered":"https:\/\/www.moretagames.es\/terminos-y-condiciones\/"},"modified":"2024-03-05T09:59:59","modified_gmt":"2024-03-05T09:59:59","slug":"terminos-y-condiciones","status":"publish","type":"page","link":"https:\/\/www.moretagames.es\/aqua-tofana\/terminos-y-condiciones\/","title":{"rendered":"T\u00e9rminos y condiciones"},"content":{"rendered":"<div class=\"gb-container gb-container-ccb482e8\">\n<div class=\"gb-container gb-container-cc06799d\">\n<a class=\"gb-button gb-button-6135d260\" href=\"javascript:history.back()\" rel=\"nofollow\"><span class=\"gb-icon\"><svg aria-hidden=\"true\" role=\"img\" height=\"1em\" width=\"1em\" viewBox=\"0 0 256 512\" xmlns=\"http:\/\/www.w3.org\/2000\/svg\"><path fill=\"currentColor\" d=\"M31.7 239l136-136c9.4-9.4 24.6-9.4 33.9 0l22.6 22.6c9.4 9.4 9.4 24.6 0 33.9L127.9 256l96.4 96.4c9.4 9.4 9.4 24.6 0 33.9L201.7 409c-9.4 9.4-24.6 9.4-33.9 0l-136-136c-9.5-9.4-9.5-24.6-.1-34z\"><\/path><\/svg><\/span><span class=\"gb-button-text\"><\/span><\/a>\n\n<h2 class=\"gb-headline gb-headline-6261f16c gb-headline-text\">T\u00e9rminos y Condiciones<\/h2>\n<\/div>\n\n<p><em>Los t\u00e9rminos y condiciones se actualizaron por \u00faltima vez el 25 de febrero de 2024<\/em><\/p>\n\n<h2 class=\"wp-block-heading\">1. Introducci\u00f3n<\/h2>\n\n<p>Estos t\u00e9rminos y condiciones son de aplicaci\u00f3n para el uso de este sitio web y las transacciones vinculadas a nuestros productos y servicios. Es posible que deba cumplir con contratos adicionales asociados con su relaci\u00f3n con nosotros o cualquier producto\/servicio proporcionado por nosotros. En caso de conflicto entre alguna disposici\u00f3n de estos contratos adicionales y las presentes Condiciones, prevalecer\u00e1n las disposiciones de los contratos adicionales.<\/p>\n\n<h2 class=\"wp-block-heading\">2. Vinculaci\u00f3n<\/h2>\n\n<p>Al registrarse en este sitio web, acceder a \u00e9l o utilizarlo de cualquier otro modo, usted acepta someterse a las condiciones que se exponen a continuaci\u00f3n.&nbsp;El mero uso de este sitio web implica el conocimiento y la aceptaci\u00f3n de estos T\u00e9rminos y condiciones.&nbsp;En algunos casos particulares, tambi\u00e9n podemos pedirle que lo acepte expl\u00edcitamente.<\/p>\n\n<h2 class=\"wp-block-heading\">3. Comunicaci\u00f3n electr\u00f3nica<\/h2>\n\n<p>Al utilizar este sitio web o comunicarse con nosotros por medios electr\u00f3nicos, usted acepta y reconoce que podemos comunicarnos con usted electr\u00f3nicamente en nuestro sitio web o enviarle un correo electr\u00f3nico, y acepta que todos los acuerdos, avisos, divulgaciones y otras comunicaciones que le proporcionemos electr\u00f3nicamente satisfacen cualquier requisito legal, incluido, entre otros, el requisito de que dichas comunicaciones sean por escrito.<\/p>\n\n<h2 class=\"wp-block-heading\">4. Propiedad intelectual<\/h2>\n\n<p>Los archivos del juego est\u00e1n distribuidos bajo una licencia copyleft CC BY-SA 4.0, cuyos t\u00e9rminos completos pueden consultarse en el siguiente enlace: <a href=\"https:\/\/creativecommons.org\/licenses\/by-sa\/4.0\/deed.es\">https:\/\/creativecommons.org\/licenses\/by-sa\/4.0\/deed.es<\/a>. Esta licencia garantiza que usted tiene la libertad de compartir y adaptar los archivos, siempre y cuando atribuya adecuadamente la autor\u00eda y comparta cualquier trabajo derivado bajo la misma licencia.<\/p>\n\n<h2 class=\"wp-block-heading\">5. Propiedad de terceros<\/h2>\n\n<p>Nuestro sitio web puede incluir hiperv\u00ednculos u otras referencias a sitios web de terceros.&nbsp;No controlamos ni revisamos el contenido de los sitios web de terceros a los que se accede desde este sitio web.&nbsp;Los productos o servicios ofrecidos por otros sitios web estar\u00e1n sujetos a los T\u00e9rminos y Condiciones aplicables de esos terceros.&nbsp;Las opiniones expresadas o el material que aparece en esos sitios web no son necesariamente compartidas o respaldadas por nosotros.<\/p>\n\n<p>No seremos responsables de las pr\u00e1cticas de privacidad o del contenido de estos sitios.&nbsp;Usted asume todos los riesgos asociados al uso de estos sitios web y de cualquier servicio de terceros relacionado.&nbsp;No aceptaremos ninguna responsabilidad por cualquier p\u00e9rdida o da\u00f1o, sea cual sea la forma en que se produzca, que resulte de la divulgaci\u00f3n por su parte de informaci\u00f3n personal a terceros.<\/p>\n\n<h2 class=\"wp-block-heading\">6. Uso responsable<\/h2>\n\n<p>Al visitar nuestro sitio web, usted se compromete a utilizarlo s\u00f3lo para los fines previstos y seg\u00fan lo permitido por estos T\u00e9rminos, cualquier contrato adicional con nosotros, y aplicables leyes, reglamentos y pr\u00e1cticas en l\u00ednea generalmente aceptadas y directrices de la industria.&nbsp;No debe usar nuestro sitio web o nuestros servicios para utilizar, publicar o distribuir cualquier material que consista en (o est\u00e9 vinculado a) software inform\u00e1tico malicioso; utilizar los datos recogidos en nuestro sitio web para cualquier actividad de marketing directo, o llevar a cabo cualquier actividad de recopilaci\u00f3n de datos sistem\u00e1tica o automatizada en o en relaci\u00f3n con nuestro sitio web.<\/p>\n\n<p>Est\u00e1 estrictamente prohibido realizar cualquier actividad que provoque o pueda provocar da\u00f1os en el sitio web o que interfiera en su funcionamiento, disponibilidad o accesibilidad.<\/p>\n\n<p>Los productos comercializados en este sitio web no son juguetes, por tanto, usted reconoce y acepta que es su responsabilidad verificar la edad recomendada de cada producto y asegurarse de que nadie menor a la edad recomendada haga uso de los productos adquiridos sin su supervisi\u00f3n. El comprador asume la responsabilidad total de garantizar un uso adecuado y seguro de los productos por parte de cualquier persona menor a la edad recomendada.<\/p>\n\n<h2 class=\"wp-block-heading\">7. Exactitud de facturaci\u00f3n<\/h2>\n\n<p>Nos reservamos el derecho de rechazar cualquier pedido que realice con nosotros. Podemos, a nuestra discreci\u00f3n, limitar o cancelar las cantidades compradas por persona, por hogar o por pedido. Estas restricciones pueden incluir pedidos realizados por o bajo la misma cuenta de cliente, la misma tarjeta de cr\u00e9dito, y\/o pedidos que utilizan la misma facturaci\u00f3n y\/o direcci\u00f3n de env\u00edo.<\/p>\n\n<p>En el caso de que hagamos un cambio o cancelemos una orden, podemos intentar notificarle poni\u00e9ndonos en contacto v\u00eda correo electr\u00f3nico y\/o direcci\u00f3n de facturaci\u00f3n \/ n\u00famero de tel\u00e9fono proporcionado en el momento que se hizo el pedido. <\/p>\n\n<h2 class=\"wp-block-heading\">8. Condiciones de env\u00edos<\/h2>\n\n<p>Realizamos \u00fanicamente env\u00edos nacioanles a Pen\u00ednsula y Baleares.<\/p>\n\n<p>Los costes son de 5\u20ac con c\u00f3digo de seguimiento, con un tiempo de env\u00edo de 24\/48h pudiendo variar en periodos festivos o causas externas.<\/p>\n\n<p>Tenga en cuenta que gran parte de nuestros productos se elabora artesanalmente, lo que implica que el proceso de fabricaci\u00f3n puede demandar un tiempo adicional antes de ser enviados. Procuraremos que este tiempo no supere los 10 d\u00edas, y en caso contrario nos pondr\u00edamos en contacto con usted a la direcci\u00f3n de correo proporcionada al realizar el pedido.<\/p>\n\n<p>Realizamos los env\u00edos utilizando el servicio de transporte proporcionado por Correos. Es importante tener en cuenta que Correos no opera durante los fines de semana ni en d\u00edas festivos. Por lo tanto, los pedidos realizados en tales d\u00edas no ser\u00e1n procesados para su env\u00edo hasta el pr\u00f3ximo d\u00eda h\u00e1bil.<\/p>\n\n<h2 class=\"wp-block-heading\">9. Garant\u00eda de calidad<\/h2>\n\n<p>Cada art\u00edculo est\u00e1, en gran parte, fabricado a mano con cuidado y dedicaci\u00f3n, lo que implica que pueden presentar ligeras variaciones debido a la naturaleza artesanal del proceso. Sin embargo, queremos asegurarte que todos nuestros productos son totalmente funcionales y cumplen con nuestra verificaci\u00f3n de calidad antes de ser enviados.<\/p>\n\n<h2 class=\"wp-block-heading\">10. Pol\u00edtica de Devoluciones y Reembolsos<\/h2>\n\n<h4 class=\"wp-block-heading\">10.1 Derecho de Desistimiento<\/h4>\n\n<p>Se tiene el derecho de rescindir el contrato en un plazo de 3 d\u00edas sin necesidad de indicar el motivo. El plazo de desistimiento expirar\u00e1 tres d\u00edas despu\u00e9s de adquirir, o que un tercero distinto al transportista e indicado por usted adquiera, la posesi\u00f3n f\u00edsica de los bienes.<\/p>\n\n<p>En caso de desear realizar un cambio o devoluci\u00f3n de un producto, le solicitamos ponerse en contacto con nosotros a trav\u00e9s de la direcci\u00f3n <a>&#x63;&#111;&#110;&#x74;&#x61;&#99;&#116;&#x6f;&#x40;&#109;&#111;&#x72;&#x65;&#116;&#97;&#x67;&#x61;&#109;&#101;&#x73;&#x2e;&#101;&#115;<\/a>.<\/p>\n\n<p>Para cumplir con el plazo de desistimiento, es suficiente con enviar su comunicaci\u00f3n sobre el ejercicio del derecho de desistimiento antes de que expire dicho plazo.<\/p>\n\n<h4 class=\"wp-block-heading\">10.2 Consecuencias de la Retirada<\/h4>\n\n<p>Si decide rescindir el contrato, procederemos a reembolsar todos los pagos recibidos, excluyendo los gastos de entrega, a m\u00e1s tardar en 14 d\u00edas desde el d\u00eda en que recibamos y verifiquemos el buen estado de los bienes devueltos. El reembolso se efectuar\u00e1 a trav\u00e9s de una transferencia bancaria, para lo cual le solicitaremos el n\u00famero de cuenta correspondiente. No se efectuar\u00e1 el reembolso en caso de detectarse alg\u00fan defecto no previamente notificado al recibir el producto.<\/p>\n\n<p>Los costes de env\u00edo de la devoluci\u00f3n ser\u00e1n responsabilidad del comprador.<\/p>\n\n<p>No asumimos responsabilidad por costos adicionales derivados de direcciones mal escritas por el comprador. Tampoco nos hacemos responsables de los costos adicionales asociados a paquetes devueltos despu\u00e9s de al menos un intento de entrega, que hayan estado m\u00e1s de 5 d\u00edas a la espera de ser recogidos en la oficina de correos de referencia.<\/p>\n\n<p>Por favor, tenga en cuenta que existen excepciones legales al derecho de desistimiento, por lo que algunos art\u00edculos no son susceptibles de devoluci\u00f3n o cambio. Le informaremos si esto aplica a su caso particular.<\/p>\n\n<h2 class=\"wp-block-heading\">11. Contenido publicado por usted<\/h2>\n\n<p>Podemos ofrecer varias herramientas de comunicaci\u00f3n abierta en nuestro sitio web, como comentarios en el blog, publicaciones en el blog, foros, tableros de mensajes, valoraciones y rese\u00f1as, y varios servicios de redes sociales.&nbsp;Puede que no nos resulte factible filtrar o supervisar todo el contenido que usted u otros puedan compartir o enviar en o a trav\u00e9s de nuestro sitio web.&nbsp;Sin embargo, nos reservamos el derecho de revisar el contenido y de supervisar todo el uso y la actividad en nuestro sitio web, y de eliminar o rechazar cualquier contenido a nuestra entera discreci\u00f3n.&nbsp;Al publicar informaci\u00f3n o utilizar cualquier herramienta de comunicaci\u00f3n abierta tal y como se menciona, usted acepta que su contenido cumplir\u00e1 con estos T\u00e9rminos y Condiciones y no debe ser il\u00edcito o ilegal, ni infringir los derechos legales de ninguna persona.<\/p>\n\n<h2 class=\"wp-block-heading\">12. Terminaci\u00f3n de uso y cambios de precio<\/h2>\n\n<p>Podemos, a nuestra entera discreci\u00f3n, modificar o interrumpir en cualquier momento el acceso, temporal o permanentemente, al sitio web o a cualquier Servicio del mismo.&nbsp;Usted acepta que no seremos responsables ante usted ni ante ning\u00fan tercero por cualquier modificaci\u00f3n, suspensi\u00f3n o interrupci\u00f3n de su acceso o uso del sitio web o de cualquier contenido que pueda haber compartido en el sitio web.&nbsp;Usted no tendr\u00e1 derecho a ninguna compensaci\u00f3n ni a ning\u00fan otro pago, ni siquiera si se pierden de forma permanente determinadas funciones, configuraciones y\/o cualquier Contenido con el que haya contribuido o en el que haya confiado.&nbsp;No debe eludir o evitar, o intentar eludir o evitar, cualquier medida de restricci\u00f3n de acceso en nuestro sitio web.<\/p>\n\n<p>Los precios de nuestros productos est\u00e1n sujetos a cambio sin aviso.<\/p>\n\n<h2 class=\"wp-block-heading\">13. Garant\u00edas y responsabilidad<\/h2>\n\n<p>Nada de lo dispuesto en esta secci\u00f3n limitar\u00e1 o excluir\u00e1 cualquier garant\u00eda impl\u00edcita por ley que fuera ilegal limitar o excluir.&nbsp;Este sitio web y todo su contenido se proporcionan \u00abtal cual\u00bb y \u00abseg\u00fan disponibilidad\u00bb y pueden incluir inexactitudes o errores tipogr\u00e1ficos.&nbsp;Renunciamos expresamente a toda garant\u00eda de cualquier tipo, ya sea expresa o impl\u00edcita, en cuanto a la disponibilidad, precisi\u00f3n o integridad del Contenido. &nbsp;No garantizamos que:<\/p>\n\n<ul class=\"wp-block-list\"><li>este sitio web o nuestros productos o servicios cumplir\u00e1n con sus requisitos;<\/li>\n\n<li>este sitio web estar\u00e1 disponible de forma ininterrumpida, oportuna, segura o sin errores;<\/li>\n\n<li>la calidad de cualquier producto o servicio adquirido u obtenido por usted a trav\u00e9s de este sitio web satisfar\u00e1 sus expectativas.<\/li><\/ul>\n\n<p>Nada de lo contenido en este sitio web constituye o pretende constituir un asesoramiento jur\u00eddico, financiero o m\u00e9dico de ning\u00fan tipo.&nbsp;Si necesita asesoramiento, debe consultar a un profesional adecuado.<\/p>\n\n<p>Las siguientes disposiciones de esta secci\u00f3n se aplicar\u00e1n en la medida m\u00e1xima permitida por la ley aplicable y no limitar\u00e1n ni excluir\u00e1n nuestra responsabilidad con respecto a cualquier asunto que ser\u00eda il\u00edcito o ilegal para nosotros limitar o excluir nuestra responsabilidad. &nbsp;En ning\u00fan caso seremos responsables de cualquier da\u00f1o directo o indirecto (incluyendo cualquier da\u00f1o por p\u00e9rdida de beneficios o ingresos, p\u00e9rdida o corrupci\u00f3n de datos, software o base de datos, o p\u00e9rdida o da\u00f1o a la propiedad o a los datos) incurridos por usted o por cualquier tercero, que surja de su acceso o uso de nuestro sitio web.<\/p>\n\n<p>Salvo en la medida en que cualquier contrato adicional establezca expresamente lo contrario, nuestra responsabilidad m\u00e1xima hacia usted por todos los da\u00f1os que surjan o est\u00e9n relacionados con el sitio web o con cualquier producto o servicio comercializado o vendido a trav\u00e9s del sitio web, independientemente de la forma de acci\u00f3n legal que imponga la responsabilidad (ya sea por contrato, equidad, negligencia, conducta intencionada, agravio o cualquier otra forma) se limitar\u00e1 al precio total que usted nos pag\u00f3 para comprar dichos productos o servicios o utilizar el sitio web.&nbsp;Dicho l\u00edmite se aplicar\u00e1 en conjunto a todas sus reclamaciones, acciones y causas de acci\u00f3n de cualquier tipo y naturaleza.<\/p>\n\n<h2 class=\"wp-block-heading\">14. Privacidad<\/h2>\n\n<p>Para acceder a nuestro sitio web y\/o servicios, es posible que se le pida que proporcione cierta informaci\u00f3n sobre usted como parte del proceso de registro.&nbsp;Usted se compromete a que toda la informaci\u00f3n que proporcione sea siempre precisa, correcta y actualizada.<\/p>\n\n<p>Nos tomamos muy en serio sus datos personales y nos comprometemos a proteger su privacidad.&nbsp;No utilizaremos su direcci\u00f3n de correo electr\u00f3nico para enviar mensajes no solicitados.&nbsp;Cualquier correo electr\u00f3nico que le enviemos solo estar\u00e1 relacionado con el suministro de productos o servicios acordados.<\/p>\n\n<p>Hemos desarrollado una pol\u00edtica para abordar cualquier preocupaci\u00f3n sobre la privacidad que pueda tener.&nbsp;Para m\u00e1s informaci\u00f3n, consulte nuestra&nbsp;<a href=\"https:\/\/www.moretagames.es\/politica-privacidad\/\" data-type=\"page\" data-id=\"3\">Pol\u00edtica de Privacidad<\/a>.<\/p>\n\n<h2 class=\"wp-block-heading\">15. Accesibilidad<\/h2>\n\n<p>Nos comprometemos a que los contenidos que ofrecemos sean accesibles para las personas con discapacidad.&nbsp;Si tiene una discapacidad y no puede acceder a cualquier parte de nuestro sitio web debido a su discapacidad, le pedimos que nos avise incluyendo una descripci\u00f3n detallada del problema que ha encontrado.&nbsp;Si el problema es f\u00e1cilmente identificable y se puede resolver de acuerdo con las herramientas y t\u00e9cnicas de la tecnolog\u00eda de la informaci\u00f3n est\u00e1ndar del sector, lo resolveremos r\u00e1pidamente.<\/p>\n\n<h2 class=\"wp-block-heading\">16. Restricciones a la exportaci\u00f3n \/ Cumplimiento legal<\/h2>\n\n<p>Se proh\u00edbe el acceso al sitio web desde territorios o pa\u00edses donde el Contenido o la compra de los productos o Servicios vendidos en el sitio web es ilegal. &nbsp;No puede utilizar este sitio web infringiendo las leyes y reglamentos de exportaci\u00f3n de Espa\u00f1a.<\/p>\n\n<h2 class=\"wp-block-heading\">17. Asignaci\u00f3n y cesiones<\/h2>\n\n<p>Usted no puede ceder, transferir o subcontratar ninguno de sus derechos y\/u obligaciones en virtud de estos T\u00e9rminos y condiciones, en su totalidad o en parte, a ning\u00fan tercero sin nuestro consentimiento previo por escrito.&nbsp;Cualquier supuesta cesi\u00f3n en violaci\u00f3n de esta Secci\u00f3n ser\u00e1 nula y sin efecto.<\/p>\n\n<h2 class=\"wp-block-heading\">18. Incumplimientos de estos T\u00e9rminos y condiciones<\/h2>\n\n<p>Sin perjuicio de los dem\u00e1s derechos que nos asisten en virtud de los presentes T\u00e9rminos y Condiciones, si usted incumple estos T\u00e9rminos y Condiciones de cualquier manera, podremos tomar las medidas que consideremos oportunas para hacer frente al incumplimiento, incluyendo la suspensi\u00f3n temporal o permanente de su acceso al sitio web, poni\u00e9ndonos en contacto con su proveedor de servicios de Internet para solicitarle que bloquee su acceso al sitio web, y\/o iniciar acciones legales contra usted.<\/p>\n\n<h2 class=\"wp-block-heading\">19. Indemnizaci\u00f3n<\/h2>\n\n<p>Usted se compromete a indemnizarnos, defendernos y eximirnos de toda reclamaci\u00f3n, responsabilidad, da\u00f1os, p\u00e9rdidas y gastos, relacionados con la violaci\u00f3n de estas condiciones y de las leyes aplicables, incluidos los derechos de propiedad intelectual y los derechos de privacidad.&nbsp;Usted nos reembolsar\u00e1 sin demora los da\u00f1os, p\u00e9rdidas, costes y gastos relacionados con dichas reclamaciones o derivados de ellas.<\/p>\n\n<h2 class=\"wp-block-heading\">20. Renuncia<\/h2>\n\n<p>El incumplimiento de cualquiera de las disposiciones establecidas en estos T\u00e9rminos y condiciones y en cualquier Acuerdo, o la falta de ejercicio de cualquier opci\u00f3n de interrupci\u00f3n, no se interpretar\u00e1 como una renuncia a dichas disposiciones y no afectar\u00e1 a la validez de estos T\u00e9rminos y Condiciones o de cualquier Acuerdo o cualquier parte del mismo, ni al derecho posterior de hacer cumplir todas y cada una de las disposiciones.<\/p>\n\n<h2 class=\"wp-block-heading\">21. Idioma<\/h2>\n\n<p>Estos T\u00e9rminos y Condiciones se interpretar\u00e1n y analizar\u00e1n exclusivamente en Espa\u00f1ol; castellano.&nbsp;Todas las notificaciones y la correspondencia se redactar\u00e1n exclusivamente en ese idioma.<\/p>\n\n<h2 class=\"wp-block-heading\">22. Acuerdo completo<\/h2>\n\n<p>Estos t\u00e9rminos y condiciones, junto con nuestra&nbsp;<a href=\"https:\/\/www.moretagames.es\/wp-admin\/post.php?post=1299&amp;action=edit\">declaraci\u00f3n de privacidad<\/a>&nbsp;y nuestra&nbsp;<a href=\"https:\/\/www.moretagames.es\/wp-admin\/post.php?post=1299&amp;action=edit\">pol\u00edtica de cookies<\/a>, constituyen el acuerdo completo entre Alberto Moreta y usted en relaci\u00f3n con tu uso de esta web.<\/p>\n\n<h2 class=\"wp-block-heading\">23. Actualizaci\u00f3n de los presentes T\u00e9rminos y Condiciones<\/h2>\n\n<p>Es posible que actualicemos estos T\u00e9rminos y Condiciones de vez en cuando. &nbsp;Es su obligaci\u00f3n revisar peri\u00f3dicamente estos T\u00e9rminos y Condiciones para ver si hay cambios o actualizaciones.&nbsp;La fecha indicada al principio de estas Condiciones Generales es la \u00faltima fecha de revisi\u00f3n.&nbsp;Los cambios a estos T\u00e9rminos y Condiciones entrar\u00e1n en vigencia cuando dichos cambios se publiquen en este sitio web. &nbsp;El uso continuado de este sitio web tras la publicaci\u00f3n de cambios o actualizaciones se considerar\u00e1 un aviso de su aceptaci\u00f3n de cumplir y estar sujeto por estos T\u00e9rminos y Condiciones.<\/p>\n\n<h2 class=\"wp-block-heading\">24. Elecci\u00f3n de ley y jurisdicci\u00f3n<\/h2>\n\n<p>Estos T\u00e9rminos y Condiciones se regir\u00e1n por las leyes de Espa\u00f1a.&nbsp;Cualquier disputa relacionada con estos T\u00e9rminos y Condiciones estar\u00e1 sujeta a la jurisdicci\u00f3n de los tribunales de Espa\u00f1a. Si un tribunal u otra autoridad considera que alguna parte o disposici\u00f3n de estos T\u00e9rminos y Condiciones es inv\u00e1lida y\/o inaplicable en virtud de la legislaci\u00f3n vigente, dicha parte o disposici\u00f3n ser\u00e1 modificada, eliminada y\/o aplicada en la mayor medida permitida para hacer efectiva la intenci\u00f3n de estos T\u00e9rminos y Condiciones. &nbsp;Las dem\u00e1s disposiciones no se ver\u00e1n afectadas.<\/p>\n\n<h2 class=\"wp-block-heading\">25. Informaci\u00f3n del contacto<\/h2>\n\n<p>Este sitio web es propiedad y est\u00e1 gestionado por Alberto Moreta.<\/p>\n\n<p>Puedes contactar con nosotros en relaci\u00f3n a estos t\u00e9rminos y condiciones escribi\u00e9ndonos o envi\u00e1ndonos un correo electr\u00f3nico a la siguiente direcci\u00f3n:\u00a0c&#x6f;&#x6e;&#116;a&#x63;&#116;o&#x40;&#x6d;&#111;r&#x65;&#116;a&#x67;&#x61;&#109;e&#x73;&#x2e;&#101;&#x73;<br>Calle Mayor 26, 2\u00baB, Alcal\u00e1 de Henares, 28801, Madrid<\/p>\n<\/div>","protected":false},"excerpt":{"rendered":"<p>T\u00e9rminos y Condiciones Los t\u00e9rminos y condiciones se actualizaron por \u00faltima vez el 25 de febrero de 2024 1. Introducci\u00f3n Estos t\u00e9rminos y condiciones son de aplicaci\u00f3n para el uso de este sitio web y las transacciones vinculadas a nuestros productos y servicios. Es posible que deba cumplir con contratos adicionales asociados con su relaci\u00f3n &#8230; <a title=\"T\u00e9rminos y condiciones\" class=\"read-more\" href=\"https:\/\/www.moretagames.es\/aqua-tofana\/terminos-y-condiciones\/\" aria-label=\"M\u00e1s en T\u00e9rminos y condiciones\">Leer m\u00e1s<\/a><\/p>\n","protected":false},"author":1,"featured_media":0,"parent":0,"menu_order":0,"comment_status":"closed","ping_status":"closed","template":"","meta":{"_eb_attr":"","footnotes":""},"class_list":["post-1299","page","type-page","status-publish"],"_links":{"self":[{"href":"https:\/\/www.moretagames.es\/aqua-tofana\/wp-json\/wp\/v2\/pages\/1299","targetHints":{"allow":["GET"]}}],"collection":[{"href":"https:\/\/www.moretagames.es\/aqua-tofana\/wp-json\/wp\/v2\/pages"}],"about":[{"href":"https:\/\/www.moretagames.es\/aqua-tofana\/wp-json\/wp\/v2\/types\/page"}],"author":[{"embeddable":true,"href":"https:\/\/www.moretagames.es\/aqua-tofana\/wp-json\/wp\/v2\/users\/1"}],"replies":[{"embeddable":true,"href":"https:\/\/www.moretagames.es\/aqua-tofana\/wp-json\/wp\/v2\/comments?post=1299"}],"version-history":[{"count":27,"href":"https:\/\/www.moretagames.es\/aqua-tofana\/wp-json\/wp\/v2\/pages\/1299\/revisions"}],"predecessor-version":[{"id":1481,"href":"https:\/\/www.moretagames.es\/aqua-tofana\/wp-json\/wp\/v2\/pages\/1299\/revisions\/1481"}],"wp:attachment":[{"href":"https:\/\/www.moretagames.es\/aqua-tofana\/wp-json\/wp\/v2\/media?parent=1299"}],"curies":[{"name":"wp","href":"https:\/\/api.w.org\/{rel}","templated":true}]}}